{"id":7455,"date":"2025-06-05T23:47:36","date_gmt":"2025-06-05T21:47:36","guid":{"rendered":"https:\/\/edutejment.rs\/?page_id=7455"},"modified":"2025-08-06T15:59:28","modified_gmt":"2025-08-06T13:59:28","slug":"predupis-2025","status":"publish","type":"page","link":"https:\/\/edutejment.rs\/en\/predupis-2025\/","title":{"rendered":"Predupis 2025"},"content":{"rendered":"<div data-elementor-type=\"wp-page\" data-elementor-id=\"7455\" class=\"elementor elementor-7455\">\n\t\t\t\t<div class=\"elementor-element elementor-element-0d285b3 e-flex e-con-boxed e-con e-parent\" data-id=\"0d285b3\" data-element_type=\"container\">\n\t\t\t\t\t<div class=\"e-con-inner\">\n\t\t\t\t<div class=\"elementor-element elementor-element-690b563 elementor-widget elementor-widget-spacer\" data-id=\"690b563\" data-element_type=\"widget\" data-widget_type=\"spacer.default\">\n\t\t\t\t<div class=\"elementor-widget-container\">\n\t\t\t\t\t\t\t<div class=\"elementor-spacer\">\n\t\t\t<div class=\"elementor-spacer-inner\"><\/div>\n\t\t<\/div>\n\t\t\t\t\t\t<\/div>\n\t\t\t\t<\/div>\n\t\t\t\t\t<\/div>\n\t\t\t\t<\/div>\n\t\t<div class=\"elementor-element elementor-element-d071bb5 e-con-full e-flex e-con e-parent\" data-id=\"d071bb5\" data-element_type=\"container\">\n\t\t\t\t<\/div>\n\t\t\t\t<section class=\"elementor-section elementor-top-section elementor-element elementor-element-634f015 elementor-section-boxed elementor-section-height-default elementor-section-height-default\" data-id=\"634f015\" data-element_type=\"section\">\n\t\t\t\t\t\t<div class=\"elementor-container elementor-column-gap-default\">\n\t\t\t\t\t<div class=\"elementor-column elementor-col-50 elementor-top-column elementor-element elementor-element-d66ce0c\" data-id=\"d66ce0c\" data-element_type=\"column\">\n\t\t\t<div class=\"elementor-widget-wrap elementor-element-populated\">\n\t\t\t\t\t\t<div class=\"elementor-element elementor-element-190670e elementor-widget elementor-widget-image\" data-id=\"190670e\" data-element_type=\"widget\" data-widget_type=\"image.default\">\n\t\t\t\t<div class=\"elementor-widget-container\">\n\t\t\t\t\t\t\t\t\t\t\t\t\t\t\t<img fetchpriority=\"high\" decoding=\"async\" width=\"1024\" height=\"1024\" src=\"https:\/\/edutejment.rs\/wp-content\/uploads\/2023\/09\/Untitled-design-1024x1024.png\" class=\"attachment-large size-large wp-image-6326\" alt=\"\" srcset=\"https:\/\/edutejment.rs\/wp-content\/uploads\/2023\/09\/Untitled-design-1024x1024.png 1024w, https:\/\/edutejment.rs\/wp-content\/uploads\/2023\/09\/Untitled-design-300x300.png 300w, https:\/\/edutejment.rs\/wp-content\/uploads\/2023\/09\/Untitled-design-150x150.png 150w, https:\/\/edutejment.rs\/wp-content\/uploads\/2023\/09\/Untitled-design-768x768.png 768w, https:\/\/edutejment.rs\/wp-content\/uploads\/2023\/09\/Untitled-design-50x50.png 50w, https:\/\/edutejment.rs\/wp-content\/uploads\/2023\/09\/Untitled-design-60x60.png 60w, https:\/\/edutejment.rs\/wp-content\/uploads\/2023\/09\/Untitled-design.png 1080w\" sizes=\"(max-width: 1024px) 100vw, 1024px\" \/>\t\t\t\t\t\t\t\t\t\t\t\t\t\t\t<\/div>\n\t\t\t\t<\/div>\n\t\t\t\t\t<\/div>\n\t\t<\/div>\n\t\t\t\t<div class=\"elementor-column elementor-col-50 elementor-top-column elementor-element elementor-element-a8049cc\" data-id=\"a8049cc\" data-element_type=\"column\">\n\t\t\t<div class=\"elementor-widget-wrap elementor-element-populated\">\n\t\t\t\t\t\t<section class=\"elementor-section elementor-inner-section elementor-element elementor-element-1d337b5 elementor-section-boxed elementor-section-height-default elementor-section-height-default\" data-id=\"1d337b5\" data-element_type=\"section\">\n\t\t\t\t\t\t<div class=\"elementor-container elementor-column-gap-default\">\n\t\t\t\t\t<div class=\"elementor-column elementor-col-100 elementor-inner-column elementor-element elementor-element-221a972\" data-id=\"221a972\" data-element_type=\"column\">\n\t\t\t<div class=\"elementor-widget-wrap elementor-element-populated\">\n\t\t\t\t\t\t<div class=\"elementor-element elementor-element-22ee9a3 elementor-widget elementor-widget-heading\" data-id=\"22ee9a3\" data-element_type=\"widget\" data-widget_type=\"heading.default\">\n\t\t\t\t<div class=\"elementor-widget-container\">\n\t\t\t\t\t<h2 class=\"elementor-heading-title elementor-size-default\">Predupis 2025<\/h2>\t\t\t\t<\/div>\n\t\t\t\t<\/div>\n\t\t\t\t<div class=\"elementor-element elementor-element-0775840 elementor-widget elementor-widget-heading\" data-id=\"0775840\" data-element_type=\"widget\" data-widget_type=\"heading.default\">\n\t\t\t\t<div class=\"elementor-widget-container\">\n\t\t\t\t\t<p class=\"elementor-heading-title elementor-size-default\">Slobodno popuni formular za predupis i javi\u0107emo ti se u najkra\u0107em roku!<\/p>\t\t\t\t<\/div>\n\t\t\t\t<\/div>\n\t\t\t\t\t<\/div>\n\t\t<\/div>\n\t\t\t\t\t<\/div>\n\t\t<\/section>\n\t\t\t\t<section class=\"elementor-section elementor-inner-section elementor-element elementor-element-080adc9 elementor-section-boxed elementor-section-height-default elementor-section-height-default\" data-id=\"080adc9\" data-element_type=\"section\">\n\t\t\t\t\t\t<div class=\"elementor-container elementor-column-gap-default\">\n\t\t\t\t\t<div class=\"elementor-column elementor-col-100 elementor-inner-column elementor-element elementor-element-a1ba3ba\" data-id=\"a1ba3ba\" data-element_type=\"column\">\n\t\t\t<div class=\"elementor-widget-wrap elementor-element-populated\">\n\t\t\t\t\t\t<div class=\"elementor-element elementor-element-5c09df2 elementor-view-stacked elementor-position-left elementor-widget-tablet__width-initial elementor-widget-mobile__width-inherit elementor-shape-circle elementor-mobile-position-top elementor-widget elementor-widget-icon-box\" data-id=\"5c09df2\" data-element_type=\"widget\" data-widget_type=\"icon-box.default\">\n\t\t\t\t<div class=\"elementor-widget-container\">\n\t\t\t\t\t\t\t<div class=\"elementor-icon-box-wrapper\">\n\n\t\t\t\t\t\t<div class=\"elementor-icon-box-icon\">\n\t\t\t\t<span  class=\"elementor-icon\">\n\t\t\t\t<i aria-hidden=\"true\" class=\"fas fa-map-marker-alt\"><\/i>\t\t\t\t<\/span>\n\t\t\t<\/div>\n\t\t\t\n\t\t\t\t\t\t<div class=\"elementor-icon-box-content\">\n\n\t\t\t\t\t\t\t\t\t<h3 class=\"elementor-icon-box-title\">\n\t\t\t\t\t\t<span  >\n\t\t\t\t\t\t\tIlije Ognjanovica 5<br>Novi Sad, Srbija\t\t\t\t\t\t<\/span>\n\t\t\t\t\t<\/h3>\n\t\t\t\t\n\t\t\t\t\n\t\t\t<\/div>\n\t\t\t\n\t\t<\/div>\n\t\t\t\t\t\t<\/div>\n\t\t\t\t<\/div>\n\t\t\t\t<div class=\"elementor-element elementor-element-c62375b elementor-view-stacked elementor-position-left elementor-widget-tablet__width-initial elementor-widget-mobile__width-inherit elementor-shape-circle elementor-mobile-position-top elementor-widget elementor-widget-icon-box\" data-id=\"c62375b\" data-element_type=\"widget\" data-widget_type=\"icon-box.default\">\n\t\t\t\t<div class=\"elementor-widget-container\">\n\t\t\t\t\t\t\t<div class=\"elementor-icon-box-wrapper\">\n\n\t\t\t\t\t\t<div class=\"elementor-icon-box-icon\">\n\t\t\t\t<span  class=\"elementor-icon\">\n\t\t\t\t<i aria-hidden=\"true\" class=\"fas fa-phone-alt\"><\/i>\t\t\t\t<\/span>\n\t\t\t<\/div>\n\t\t\t\n\t\t\t\t\t\t<div class=\"elementor-icon-box-content\">\n\n\t\t\t\t\t\t\t\t\t<h3 class=\"elementor-icon-box-title\">\n\t\t\t\t\t\t<span  >\n\t\t\t\t\t\t\t+381 601803960\t\t\t\t\t\t<\/span>\n\t\t\t\t\t<\/h3>\n\t\t\t\t\n\t\t\t\t\n\t\t\t<\/div>\n\t\t\t\n\t\t<\/div>\n\t\t\t\t\t\t<\/div>\n\t\t\t\t<\/div>\n\t\t\t\t<div class=\"elementor-element elementor-element-2ee6b46 elementor-view-stacked elementor-position-left elementor-widget-tablet__width-initial elementor-widget-mobile__width-inherit elementor-shape-circle elementor-mobile-position-top elementor-widget elementor-widget-icon-box\" data-id=\"2ee6b46\" data-element_type=\"widget\" data-widget_type=\"icon-box.default\">\n\t\t\t\t<div class=\"elementor-widget-container\">\n\t\t\t\t\t\t\t<div class=\"elementor-icon-box-wrapper\">\n\n\t\t\t\t\t\t<div class=\"elementor-icon-box-icon\">\n\t\t\t\t<span  class=\"elementor-icon\">\n\t\t\t\t<i aria-hidden=\"true\" class=\"far fa-envelope\"><\/i>\t\t\t\t<\/span>\n\t\t\t<\/div>\n\t\t\t\n\t\t\t\t\t\t<div class=\"elementor-icon-box-content\">\n\n\t\t\t\t\t\t\t\t\t<h3 class=\"elementor-icon-box-title\">\n\t\t\t\t\t\t<span  >\n\t\t\t\t\t\t\tinfo@edutejment.rs <br> marketing@edutejment.rs\t\t\t\t\t\t<\/span>\n\t\t\t\t\t<\/h3>\n\t\t\t\t\n\t\t\t\t\n\t\t\t<\/div>\n\t\t\t\n\t\t<\/div>\n\t\t\t\t\t\t<\/div>\n\t\t\t\t<\/div>\n\t\t\t\t\t<\/div>\n\t\t<\/div>\n\t\t\t\t\t<\/div>\n\t\t<\/section>\n\t\t\t\t\t<\/div>\n\t\t<\/div>\n\t\t\t\t\t<\/div>\n\t\t<\/section>\n\t\t\t\t<section class=\"elementor-section elementor-top-section elementor-element elementor-element-4b617de elementor-section-boxed elementor-section-height-default elementor-section-height-default\" data-id=\"4b617de\" data-element_type=\"section\">\n\t\t\t\t\t\t<div class=\"elementor-container elementor-column-gap-default\">\n\t\t\t\t\t<div class=\"elementor-column elementor-col-50 elementor-top-column elementor-element elementor-element-c6f0581\" data-id=\"c6f0581\" data-element_type=\"column\">\n\t\t\t<div class=\"elementor-widget-wrap elementor-element-populated\">\n\t\t\t\t\t\t<div class=\"elementor-element elementor-element-2d2894a elementor-widget elementor-widget-heading\" data-id=\"2d2894a\" data-element_type=\"widget\" data-widget_type=\"heading.default\">\n\t\t\t\t<div class=\"elementor-widget-container\">\n\t\t\t\t\t<h2 class=\"elementor-heading-title elementor-size-default\">Contact<\/h2>\t\t\t\t<\/div>\n\t\t\t\t<\/div>\n\t\t\t\t<div class=\"elementor-element elementor-element-dd2088c elementor-widget elementor-widget-shortcode\" data-id=\"dd2088c\" data-element_type=\"widget\" data-widget_type=\"shortcode.default\">\n\t\t\t\t<div class=\"elementor-widget-container\">\n\t\t\t\t\t\t\t<div class=\"elementor-shortcode\">\n<div class=\"wpcf7 no-js\" id=\"wpcf7-f7454-o1\" lang=\"en-GB\" dir=\"ltr\" data-wpcf7-id=\"7454\">\n<div class=\"screen-reader-response\"><p role=\"status\" aria-live=\"polite\" aria-atomic=\"true\"><\/p> <ul><\/ul><\/div>\n<form action=\"\/en\/wp-json\/wp\/v2\/pages\/7455#wpcf7-f7454-o1\" method=\"post\" class=\"wpcf7-form init\" aria-label=\"Contact form\" novalidate=\"novalidate\" data-status=\"init\" data-trp-original-action=\"\/en\/wp-json\/wp\/v2\/pages\/7455#wpcf7-f7454-o1\">\n<fieldset class=\"hidden-fields-container\"><input type=\"hidden\" name=\"_wpcf7\" value=\"7454\" \/><input type=\"hidden\" name=\"_wpcf7_version\" value=\"6.1.4\" \/><input type=\"hidden\" name=\"_wpcf7_locale\" value=\"en_GB\" \/><input type=\"hidden\" name=\"_wpcf7_unit_tag\" value=\"wpcf7-f7454-o1\" \/><input type=\"hidden\" name=\"_wpcf7_container_post\" value=\"0\" \/><input type=\"hidden\" name=\"_wpcf7_posted_data_hash\" value=\"\" \/>\n<\/fieldset>\n<div class=\"contact-form-wrapper\">\n\t<div class=\"row gx-3 comments-form contact-form\">\n\t\t<div class=\"col-lg-6 col-md-6 mb-30\">\n\t\t\t<p><span class=\"wpcf7-form-control-wrap\" data-name=\"first-name\"><input size=\"40\" maxlength=\"400\" class=\"wpcf7-form-control wpcf7-text\" aria-invalid=\"false\" placeholder=\"Ime\" value=\"\" type=\"text\" name=\"first-name\" \/><\/span>\n\t\t\t<\/p>\n\t\t<\/div>\n\t\t<div class=\"col-lg-6 col-md-6 mb-30\">\n\t\t\t<p><span class=\"wpcf7-form-control-wrap\" data-name=\"last-name\"><input size=\"40\" maxlength=\"400\" class=\"wpcf7-form-control wpcf7-text\" aria-invalid=\"false\" placeholder=\"Prezime\" value=\"\" type=\"text\" name=\"last-name\" \/><\/span>\n\t\t\t<\/p>\n\t\t<\/div>\n\t\t<div class=\"col-lg-6 col-md-6 mb-30\">\n\t\t\t<p><span class=\"wpcf7-form-control-wrap\" data-name=\"phone-number\"><input size=\"40\" maxlength=\"400\" class=\"wpcf7-form-control wpcf7-text\" aria-invalid=\"false\" placeholder=\"Kontakt telefon\" value=\"\" type=\"text\" name=\"phone-number\" \/><\/span>\n\t\t\t<\/p>\n\t\t<\/div>\n\t\t<div class=\"col-lg-12 mb-30\">\n\t\t\t<p><span class=\"wpcf7-form-control-wrap\" data-name=\"email\"><input size=\"40\" maxlength=\"400\" class=\"wpcf7-form-control wpcf7-email wpcf7-text wpcf7-validates-as-email\" aria-invalid=\"false\" placeholder=\"Kontakt E-Mail adresa\" value=\"\" type=\"email\" name=\"email\" \/><\/span>\n\t\t\t<\/p>\n\t\t<\/div>\n\t\t<div class=\"col-lg-12 mb-30\">\n\t\t\t<p><span class=\"wpcf7-form-control-wrap\" data-name=\"edukacije\"><select class=\"wpcf7-form-control wpcf7-select form-control\" aria-invalid=\"false\" name=\"edukacije\"><option value=\"Izaberi edukaciju\">Izaberi edukaciju<\/option><option value=\"Reklamiranje \u2013 Promocija na dru\u0161tvenim mre\u017eama i pla\u0107eno ogla\u0161avanje \u2013 Za po\u010detnike \u2013 8.900 RSD\">Reklamiranje \u2013 Promocija na dru\u0161tvenim mre\u017eama i pla\u0107eno ogla\u0161avanje \u2013 Za po\u010detnike \u2013 8.900 RSD<\/option><option value=\"Canva Kurs \u2013 &#039;Dizajniraj Sam&#039; \u2013 Za po\u010detnike \u2013 8.900 RSD\">Canva Kurs \u2013 &#039;Dizajniraj Sam&#039; \u2013 Za po\u010detnike \u2013 8.900 RSD<\/option><option value=\"Brendiranje \u2013 Kreiranje identiteta brenda \u2013 Za po\u010detnike \u2013 8.900 RSD\">Brendiranje \u2013 Kreiranje identiteta brenda \u2013 Za po\u010detnike \u2013 8.900 RSD<\/option><option value=\"Digitalni marketing \u2013 SEO, kanali, online poslovanje \u2013 Za po\u010detnike \u2013 8.900 RSD\">Digitalni marketing \u2013 SEO, kanali, online poslovanje \u2013 Za po\u010detnike \u2013 8.900 RSD<\/option><option value=\"Canva Blackbelt \u2013 Generativna AI za dizajn \u2013 Za po\u010detnike \u2013 8.900 RSD\">Canva Blackbelt \u2013 Generativna AI za dizajn \u2013 Za po\u010detnike \u2013 8.900 RSD<\/option><option value=\"Kreiranje sadr\u017eaja za mre\u017ee \u2013 Canva od po\u010detnog do naprednog nivoa \u2013 Za po\u010detnike \u2013 8.900 RSD\">Kreiranje sadr\u017eaja za mre\u017ee \u2013 Canva od po\u010detnog do naprednog nivoa \u2013 Za po\u010detnike \u2013 8.900 RSD<\/option><option value=\"Master Canva Kurs \u2013 Grafik dizajn i brendiranje \u2013 Za po\u010detnike \u2013 8.900 RSD\">Master Canva Kurs \u2013 Grafik dizajn i brendiranje \u2013 Za po\u010detnike \u2013 8.900 RSD<\/option><option value=\"Arduino PCB dizajn \u2013 IoT programiranje \u2013 Za studente \u2013 8.900 RSD\">Arduino PCB dizajn \u2013 IoT programiranje \u2013 Za studente \u2013 8.900 RSD<\/option><\/select><\/span>\n\t\t\t<\/p>\n\t\t<\/div>\n\t\t<div class=\"col-lg-12 mb-30\">\n\t\t\t<p><span class=\"wpcf7-form-control-wrap\" data-name=\"comment\"><textarea cols=\"40\" rows=\"10\" maxlength=\"2000\" class=\"wpcf7-form-control wpcf7-textarea\" id=\"comment\" aria-invalid=\"false\" placeholder=\"Poruka\" name=\"comment\"><\/textarea><\/span>\n\t\t\t<\/p>\n\t\t<\/div>\n\t\t<p><input class=\"wpcf7-form-control wpcf7-submit has-spinner theme_btn message_btn mt-20\" type=\"submit\" value=\"Po\u0161alji poruku\" \/>\n\t\t<\/p>\n\t<\/div>\n<\/div><div class=\"wpcf7-response-output\" aria-hidden=\"true\"><\/div>\n<input type=\"hidden\" name=\"trp-form-language\" value=\"en\"\/><\/form>\n<\/div>\n<\/div>\n\t\t\t\t\t\t<\/div>\n\t\t\t\t<\/div>\n\t\t\t\t\t<\/div>\n\t\t<\/div>\n\t\t\t\t<div class=\"elementor-column elementor-col-50 elementor-top-column elementor-element elementor-element-d5da9af\" data-id=\"d5da9af\" data-element_type=\"column\">\n\t\t\t<div class=\"elementor-widget-wrap elementor-element-populated\">\n\t\t\t\t\t\t<div class=\"elementor-element elementor-element-c321205 elementor-widget elementor-widget-spacer\" data-id=\"c321205\" data-element_type=\"widget\" data-widget_type=\"spacer.default\">\n\t\t\t\t<div class=\"elementor-widget-container\">\n\t\t\t\t\t\t\t<div class=\"elementor-spacer\">\n\t\t\t<div class=\"elementor-spacer-inner\"><\/div>\n\t\t<\/div>\n\t\t\t\t\t\t<\/div>\n\t\t\t\t<\/div>\n\t\t\t\t<div class=\"elementor-element elementor-element-160d68f elementor-widget__width-initial elementor-widget elementor-widget-image\" data-id=\"160d68f\" data-element_type=\"widget\" data-widget_type=\"image.default\">\n\t\t\t\t<div class=\"elementor-widget-container\">\n\t\t\t\t\t\t\t\t\t\t\t\t\t\t\t<img decoding=\"async\" width=\"1707\" height=\"1707\" src=\"https:\/\/edutejment.rs\/wp-content\/uploads\/2025\/04\/1A0B4121-scaled-e1744810010441.jpg\" class=\"attachment-full size-full wp-image-7082\" alt=\"\" srcset=\"https:\/\/edutejment.rs\/wp-content\/uploads\/2025\/04\/1A0B4121-scaled-e1744810010441.jpg 1707w, https:\/\/edutejment.rs\/wp-content\/uploads\/2025\/04\/1A0B4121-scaled-e1744810010441-300x300.jpg 300w, https:\/\/edutejment.rs\/wp-content\/uploads\/2025\/04\/1A0B4121-scaled-e1744810010441-1024x1024.jpg 1024w, https:\/\/edutejment.rs\/wp-content\/uploads\/2025\/04\/1A0B4121-scaled-e1744810010441-150x150.jpg 150w, https:\/\/edutejment.rs\/wp-content\/uploads\/2025\/04\/1A0B4121-scaled-e1744810010441-768x768.jpg 768w, https:\/\/edutejment.rs\/wp-content\/uploads\/2025\/04\/1A0B4121-scaled-e1744810010441-50x50.jpg 50w, https:\/\/edutejment.rs\/wp-content\/uploads\/2025\/04\/1A0B4121-scaled-e1744810010441-60x60.jpg 60w, https:\/\/edutejment.rs\/wp-content\/uploads\/2025\/04\/1A0B4121-scaled-e1744810010441-1536x1536.jpg 1536w, https:\/\/edutejment.rs\/wp-content\/uploads\/2025\/04\/1A0B4121-scaled-e1744810010441-12x12.jpg 12w\" sizes=\"(max-width: 1707px) 100vw, 1707px\" \/>\t\t\t\t\t\t\t\t\t\t\t\t\t\t\t<\/div>\n\t\t\t\t<\/div>\n\t\t\t\t<div class=\"elementor-element elementor-element-e4dbace elementor-widget__width-auto elementor-absolute elementor-hidden-tablet elementor-hidden-mobile elementor-widget elementor-widget-image\" data-id=\"e4dbace\" data-element_type=\"widget\" data-settings=\"{&quot;_position&quot;:&quot;absolute&quot;}\" data-widget_type=\"image.default\">\n\t\t\t\t<div class=\"elementor-widget-container\">\n\t\t\t\t\t\t\t\t\t\t\t\t\t\t\t<img decoding=\"async\" width=\"480\" height=\"480\" src=\"https:\/\/edutejment.rs\/wp-content\/uploads\/2021\/12\/triangle.svg\" class=\"attachment-full size-full wp-image-3528\" alt=\"\" \/>\t\t\t\t\t\t\t\t\t\t\t\t\t\t\t<\/div>\n\t\t\t\t<\/div>\n\t\t\t\t\t<\/div>\n\t\t<\/div>\n\t\t\t\t\t<\/div>\n\t\t<\/section>\n\t\t\t\t<section class=\"elementor-section elementor-top-section elementor-element elementor-element-4d246a0 elementor-section-boxed elementor-section-height-default elementor-section-height-default\" data-id=\"4d246a0\" data-element_type=\"section\">\n\t\t\t\t\t\t<div class=\"elementor-container elementor-column-gap-default\">\n\t\t\t\t\t<div class=\"elementor-column elementor-col-100 elementor-top-column elementor-element elementor-element-f8f8875\" data-id=\"f8f8875\" data-element_type=\"column\">\n\t\t\t<div class=\"elementor-widget-wrap elementor-element-populated\">\n\t\t\t\t\t\t<div class=\"elementor-element elementor-element-7bec160 elementor-widget elementor-widget-html\" data-id=\"7bec160\" data-element_type=\"widget\" data-widget_type=\"html.default\">\n\t\t\t\t<div class=\"elementor-widget-container\">\n\t\t\t\t\t<div style=\"width: 100%\"><iframe width=\"100%\" height=\"600\" frameborder=\"0\" scrolling=\"no\" marginheight=\"0\" marginwidth=\"0\" src=\"https:\/\/maps.google.com\/maps?width=100%25&amp;height=600&amp;hl=en&amp;q=Ilije%20Ognjanovica%205,%2021%20000%20Novi%20Sad,%20Srbija+(My%20Business%20Name)&amp;t=&amp;z=14&amp;ie=UTF8&amp;iwloc=B&amp;output=embed\"><a href=\"https:\/\/www.mapsdirections.info\/fr\/calculer-la-population-sur-une-carte\">Calculateur de carte de population<\/a><\/iframe><\/div>\t\t\t\t<\/div>\n\t\t\t\t<\/div>\n\t\t\t\t\t<\/div>\n\t\t<\/div>\n\t\t\t\t\t<\/div>\n\t\t<\/section>\n\t\t\t\t<section class=\"elementor-section elementor-top-section elementor-element elementor-element-88d6df6 elementor-section-full_width elementor-section-stretched elementor-section-height-default elementor-section-height-default\" data-id=\"88d6df6\" data-element_type=\"section\" data-settings=\"{&quot;stretch_section&quot;:&quot;section-stretched&quot;,&quot;background_background&quot;:&quot;classic&quot;}\">\n\t\t\t\t\t\t<div class=\"elementor-container elementor-column-gap-default\">\n\t\t\t\t\t<div class=\"elementor-column elementor-col-100 elementor-top-column elementor-element elementor-element-9efc63e\" data-id=\"9efc63e\" data-element_type=\"column\">\n\t\t\t<div class=\"elementor-widget-wrap elementor-element-populated\">\n\t\t\t\t\t\t<div class=\"elementor-element elementor-element-ef5ebbf elementor-widget__width-initial elementor-widget-tablet__width-initial elementor-widget-mobile__width-inherit elementor-widget elementor-widget-heading\" data-id=\"ef5ebbf\" data-element_type=\"widget\" data-widget_type=\"heading.default\">\n\t\t\t\t<div class=\"elementor-widget-container\">\n\t\t\t\t\t<h2 class=\"elementor-heading-title elementor-size-default\">Pretplati se na na\u0161 bilet za novosti i popuste na kurseve!\n<\/h2>\t\t\t\t<\/div>\n\t\t\t\t<\/div>\n\t\t\t\t<div class=\"elementor-element elementor-element-774c140 elementor-widget__width-initial elementor-widget-tablet__width-initial elementor-widget-mobile__width-inherit elementor-widget elementor-widget-zoomy_Newsletter\" data-id=\"774c140\" data-element_type=\"widget\" data-widget_type=\"zoomy_Newsletter.default\">\n\t\t\t\t<div class=\"elementor-widget-container\">\n\t\t\t\t\t        <section class=\"subscribe-area\">\r\n            <div class=\"subscribe-two theme-bg\">\r\n                                <div class=\"row align-items-center\">\r\n\t\t\t\t\t\r\n                    <div class=\"col-xl-12\">\r\n                        <div class=\"subscribe-wrapper text-center\">\r\n                            <div class=\"subscribe-form-box pos-rel\">\r\n\r\n                                <form action=\"#\" class=\"mailchimp subscribe-form\" method=\"post\" data-trp-original-action=\"#\">\r\n                                    <input type=\"email\" name=\"email\" id=\"email\" class=\"memail\" placeholder=\"E-Mail adresa\">\r\n                                    <button class=\"sub_btn\" type=\"submit\">\r\n\t\t\t\t\t\t\t\t\t\tPretplati se                                    <\/button>\r\n                                <input type=\"hidden\" name=\"trp-form-language\" value=\"en\"\/><\/form>\r\n\r\n                                <p class=\"mchimp-errmessage\" style=\"display: none;\"><\/p>\r\n                                <p class=\"mchimp-sucmessage\" style=\"display: none;\"><\/p>\r\n\r\n                            <\/div>\r\n                        <\/div>\r\n                    <\/div>\r\n                <\/div>\r\n\r\n            <\/div>\r\n        <\/section>\r\n\r\n        <script>\r\n            (function ($) {\r\n                \"use strict\";\r\n\r\n                $(document).ready(function () {\r\n\r\n                    $(\".mailchimp\").ajaxChimp({\r\n                        callback: mailchimpCallback,\r\n                        url:\r\n                            \"\", \/\/Replace this with your own mailchimp post URL. Don't remove the \"\". Just paste the url inside \"\".\r\n                    });\r\n                    $(\".memail\").on(\"focus\", function () {\r\n                        $(\".mchimp-errmessage\").fadeOut();\r\n                        $(\".mchimp-sucmessage\").fadeOut();\r\n                    });\r\n                    $(\".memail\").on(\"keydown\", function () {\r\n                        $(\".mchimp-errmessage\").fadeOut();\r\n                        $(\".mchimp-sucmessage\").fadeOut();\r\n                    });\r\n                    $(\".memail\").on(\"click\", function () {\r\n                        $(\".memail\").val(\"\");\r\n                    });\r\n\r\n                    function mailchimpCallback(resp) {\r\n                        if (resp.result === \"success\") {\r\n                            $(\".mchimp-errmessage\").html(resp.msg).fadeIn(1000);\r\n                            $(\".mchimp-sucmessage\").fadeOut(500);\r\n                        } else if (resp.result === \"error\") {\r\n                            $(\".mchimp-errmessage\").html(resp.msg).fadeIn(1000);\r\n                        }\r\n                    }\r\n\r\n                });\r\n            })(jQuery);\r\n        <\/script>\r\n\r\n\t\t\t\t\t\t<\/div>\n\t\t\t\t<\/div>\n\t\t\t\t\t<\/div>\n\t\t<\/div>\n\t\t\t\t\t<\/div>\n\t\t<\/section>\n\t\t\t\t<\/div>","protected":false},"excerpt":{"rendered":"<p>Predupis 2025 Slobodno popuni formular za predupis i javi\u0107emo ti se u najkra\u0107em roku! Ilije Ognjanovica 5Novi Sad, Srbija +381 [&hellip;]<\/p>","protected":false},"author":1,"featured_media":0,"parent":0,"menu_order":0,"comment_status":"closed","ping_status":"closed","template":"elementor_header_footer","meta":{"footnotes":""},"class_list":["post-7455","page","type-page","status-publish","hentry"],"acf":[],"_links":{"self":[{"href":"https:\/\/edutejment.rs\/en\/wp-json\/wp\/v2\/pages\/7455","targetHints":{"allow":["GET"]}}],"collection":[{"href":"https:\/\/edutejment.rs\/en\/wp-json\/wp\/v2\/pages"}],"about":[{"href":"https:\/\/edutejment.rs\/en\/wp-json\/wp\/v2\/types\/page"}],"author":[{"embeddable":true,"href":"https:\/\/edutejment.rs\/en\/wp-json\/wp\/v2\/users\/1"}],"replies":[{"embeddable":true,"href":"https:\/\/edutejment.rs\/en\/wp-json\/wp\/v2\/comments?post=7455"}],"version-history":[{"count":52,"href":"https:\/\/edutejment.rs\/en\/wp-json\/wp\/v2\/pages\/7455\/revisions"}],"predecessor-version":[{"id":7668,"href":"https:\/\/edutejment.rs\/en\/wp-json\/wp\/v2\/pages\/7455\/revisions\/7668"}],"wp:attachment":[{"href":"https:\/\/edutejment.rs\/en\/wp-json\/wp\/v2\/media?parent=7455"}],"curies":[{"name":"wp","href":"https:\/\/api.w.org\/{rel}","templated":true}]}}